{"id":15,"date":"2020-03-19T14:47:08","date_gmt":"2020-03-19T14:47:08","guid":{"rendered":"http:\/\/poezijalesa.si\/?page_id=15"},"modified":"2020-04-12T18:01:02","modified_gmt":"2020-04-12T18:01:02","slug":"omeni","status":"publish","type":"page","link":"https:\/\/poezijalesa.si\/en\/omeni\/","title":{"rendered":"About"},"content":{"rendered":"<p><img loading=\"lazy\" decoding=\"async\" class=\"wp-image-265 alignleft\" src=\"https:\/\/poezijalesa.si\/wp-content\/uploads\/2020\/04\/0030-JJA-10.04.2020-300x200.jpg\" alt=\"\" width=\"339\" height=\"226\" srcset=\"https:\/\/poezijalesa.si\/wp-content\/uploads\/2020\/04\/0030-JJA-10.04.2020-300x200.jpg 300w, https:\/\/poezijalesa.si\/wp-content\/uploads\/2020\/04\/0030-JJA-10.04.2020-1024x684.jpg 1024w, https:\/\/poezijalesa.si\/wp-content\/uploads\/2020\/04\/0030-JJA-10.04.2020-768x513.jpg 768w, https:\/\/poezijalesa.si\/wp-content\/uploads\/2020\/04\/0030-JJA-10.04.2020-1536x1025.jpg 1536w, https:\/\/poezijalesa.si\/wp-content\/uploads\/2020\/04\/0030-JJA-10.04.2020-2048x1367.jpg 2048w\" sizes=\"auto, (max-width: 339px) 100vw, 339px\" \/>My name is Janez Jankovec. I am a metalworker by profession but devote all my free time to making unique wooden products. \n\nI perform my activity within the scope of personal supplementary work. This is my way of spending spare time in, what I feel, is a useful activity . \n\nIn 2018, I obtained the certificate of craftsmanship at the Chamber of Crafts SLO-ART no. 8957\/04\/18. I also joined the DUO, \u0160kofja Loka Handicraft Center. Among my products you can find many useful and decorative items  such as - bowls, serving trays, clocks, kitchen boards, shoe buckets, feeders, wooden ties, sticks, lights, chairs &amp; tables etc. For my products I choose unusual pieces of wood through which I want to emphasise its beauty. All products are only coated with Belinka - Food natural oil and therefore meant for nutritional purposes. If necessary, I also adapt to your wishes and ideas, if they are only feasible. I want to project some of my creativity into every item, because every product is also an expression of me being in harmony with nature. The trees that have died, live through my creations and display all the beauty of this unique material - wood.<\/p>\n\n\n<p>You can find my products at the <a rel=\"noreferrer noopener\" aria-label=\"DUO (opens in a new tab)\" href=\"http:\/\/www.visitskofjaloka.si\/si\/dozivetja\/tradicija-in-rokodelstvo\/rokodelski-center-duo-skofja-loka\" target=\"_blank\">DUO<\/a> center, at Bishop's Town Square in \u0160kofja Loka or at my home, where I can present the story of each product individually. Welcome! <\/p>","protected":false},"excerpt":{"rendered":"<p>Sem Janez Jankovec, po poklicu kovinar, v prostem \u010dasu pa se posve\u010dam izdelavi unikatnih lesenih izdelkov. Dejavnost opravljam v okviru osebnega dopolnilnega dela in tako kvalitetno porabim svoj prosti \u010das. Leta 2018 sem pridobil certifikat rokodelca Obrtne zbornice SLO-ART \u0161t. 8957\/04\/18. Pridru\u017eil sem se tudi v \u0160kofjelo\u0161kem centru rokodelcev DUO.. Med moji izdelki boste na\u0161li &hellip; <\/p>\n<p class=\"link-more\"><a href=\"https:\/\/poezijalesa.si\/en\/omeni\/\" class=\"more-link\">Continue reading<span class=\"screen-reader-text\"> &#8220;O meni&#8221;<\/span><\/a><\/p>","protected":false},"author":2,"featured_media":127,"parent":0,"menu_order":0,"comment_status":"closed","ping_status":"closed","template":"","meta":{"footnotes":""},"class_list":["post-15","page","type-page","status-publish","has-post-thumbnail","hentry"],"_links":{"self":[{"href":"https:\/\/poezijalesa.si\/en\/wp-json\/wp\/v2\/pages\/15","targetHints":{"allow":["GET"]}}],"collection":[{"href":"https:\/\/poezijalesa.si\/en\/wp-json\/wp\/v2\/pages"}],"about":[{"href":"https:\/\/poezijalesa.si\/en\/wp-json\/wp\/v2\/types\/page"}],"author":[{"embeddable":true,"href":"https:\/\/poezijalesa.si\/en\/wp-json\/wp\/v2\/users\/2"}],"replies":[{"embeddable":true,"href":"https:\/\/poezijalesa.si\/en\/wp-json\/wp\/v2\/comments?post=15"}],"version-history":[{"count":6,"href":"https:\/\/poezijalesa.si\/en\/wp-json\/wp\/v2\/pages\/15\/revisions"}],"predecessor-version":[{"id":268,"href":"https:\/\/poezijalesa.si\/en\/wp-json\/wp\/v2\/pages\/15\/revisions\/268"}],"wp:featuredmedia":[{"embeddable":true,"href":"https:\/\/poezijalesa.si\/en\/wp-json\/wp\/v2\/media\/127"}],"wp:attachment":[{"href":"https:\/\/poezijalesa.si\/en\/wp-json\/wp\/v2\/media?parent=15"}],"curies":[{"name":"wp","href":"https:\/\/api.w.org\/{rel}","templated":true}]}}